{"id":2136,"date":"2021-02-23T14:01:19","date_gmt":"2021-02-23T14:01:19","guid":{"rendered":"https:\/\/www.notaryinstitute.ie\/baile\/"},"modified":"2021-02-23T14:01:19","modified_gmt":"2021-02-23T14:01:19","slug":"baile","status":"publish","type":"page","link":"https:\/\/www.notaryinstitute.ie\/ga\/","title":{"rendered":"Baile"},"content":{"rendered":"","protected":false},"excerpt":{"rendered":"","protected":false},"author":5,"featured_media":0,"parent":0,"menu_order":0,"comment_status":"closed","ping_status":"closed","template":"","meta":{"footnotes":""},"class_list":["post-2136","page","type-page","status-publish","hentry"],"yoast_head":"<!-- This site is optimized with the Yoast SEO plugin v26.9 - https:\/\/yoast.com\/product\/yoast-seo-wordpress\/ -->\n<title>D\u00e1mh na N\u00f3tair\u00ed Poibl\u00ed in \u00c9irinn<\/title>\n<meta name=\"description\" content=\"L\u00e1ithre\u00e1n Gr\u00e9as\u00e1in Oifigi\u00fail Dh\u00e1mh na N\u00f3tair\u00ed Poibl\u00ed in \u00c9irinn\" \/>\n<meta name=\"robots\" content=\"index, follow, max-snippet:-1, max-image-preview:large, max-video-preview:-1\" \/>\n<link rel=\"canonical\" href=\"https:\/\/www.notaryinstitute.ie\/ga\/baile\/\" \/>\n<meta property=\"og:locale\" content=\"ga_IE\" \/>\n<meta property=\"og:type\" content=\"article\" \/>\n<meta property=\"og:title\" content=\"D\u00e1mh na N\u00f3tair\u00ed Poibl\u00ed in \u00c9irinn\" \/>\n<meta property=\"og:description\" content=\"L\u00e1ithre\u00e1n Gr\u00e9as\u00e1in Oifigi\u00fail Dh\u00e1mh na N\u00f3tair\u00ed Poibl\u00ed in \u00c9irinn\" \/>\n<meta property=\"og:url\" content=\"https:\/\/www.notaryinstitute.ie\/ga\/baile\/\" \/>\n<meta property=\"og:site_name\" content=\"Institute of Notarial Studies\" \/>\n<meta name=\"twitter:card\" content=\"summary_large_image\" \/>\n<script type=\"application\/ld+json\" class=\"yoast-schema-graph\">{\"@context\":\"https:\/\/schema.org\",\"@graph\":[{\"@type\":\"WebPage\",\"@id\":\"https:\/\/www.notaryinstitute.ie\/ga\/baile\/\",\"url\":\"https:\/\/www.notaryinstitute.ie\/ga\/baile\/\",\"name\":\"D\u00e1mh na N\u00f3tair\u00ed Poibl\u00ed in \u00c9irinn\",\"isPartOf\":{\"@id\":\"https:\/\/www.notaryinstitute.ie\/#website\"},\"datePublished\":\"2021-02-23T14:01:19+00:00\",\"description\":\"L\u00e1ithre\u00e1n Gr\u00e9as\u00e1in Oifigi\u00fail Dh\u00e1mh na N\u00f3tair\u00ed Poibl\u00ed in \u00c9irinn\",\"breadcrumb\":{\"@id\":\"https:\/\/www.notaryinstitute.ie\/ga\/baile\/#breadcrumb\"},\"inLanguage\":\"ga-IE\",\"potentialAction\":[{\"@type\":\"ReadAction\",\"target\":[\"https:\/\/www.notaryinstitute.ie\/ga\/baile\/\"]}]},{\"@type\":\"BreadcrumbList\",\"@id\":\"https:\/\/www.notaryinstitute.ie\/ga\/baile\/#breadcrumb\",\"itemListElement\":[{\"@type\":\"ListItem\",\"position\":1,\"name\":\"Home\",\"item\":\"https:\/\/www.notaryinstitute.ie\/ga\/baile\/\"},{\"@type\":\"ListItem\",\"position\":2,\"name\":\"Baile\"}]},{\"@type\":\"WebSite\",\"@id\":\"https:\/\/www.notaryinstitute.ie\/#website\",\"url\":\"https:\/\/www.notaryinstitute.ie\/\",\"name\":\"Institute of Notarial Studies\",\"description\":\"\",\"publisher\":{\"@id\":\"https:\/\/www.notaryinstitute.ie\/#organization\"},\"potentialAction\":[{\"@type\":\"SearchAction\",\"target\":{\"@type\":\"EntryPoint\",\"urlTemplate\":\"https:\/\/www.notaryinstitute.ie\/?s={search_term_string}\"},\"query-input\":{\"@type\":\"PropertyValueSpecification\",\"valueRequired\":true,\"valueName\":\"search_term_string\"}}],\"inLanguage\":\"ga-IE\"},{\"@type\":\"Organization\",\"@id\":\"https:\/\/www.notaryinstitute.ie\/#organization\",\"name\":\"Institute of Notarial Studies\",\"url\":\"https:\/\/www.notaryinstitute.ie\/\",\"logo\":{\"@type\":\"ImageObject\",\"inLanguage\":\"ga-IE\",\"@id\":\"https:\/\/www.notaryinstitute.ie\/#\/schema\/logo\/image\/\",\"url\":\"https:\/\/www.notaryinstitute.ie\/wp-content\/uploads\/2021\/02\/logo-1.png\",\"contentUrl\":\"https:\/\/www.notaryinstitute.ie\/wp-content\/uploads\/2021\/02\/logo-1.png\",\"width\":120,\"height\":120,\"caption\":\"Institute of Notarial Studies\"},\"image\":{\"@id\":\"https:\/\/www.notaryinstitute.ie\/#\/schema\/logo\/image\/\"}}]}<\/script>\n<!-- \/ Yoast SEO plugin. -->","yoast_head_json":{"title":"D\u00e1mh na N\u00f3tair\u00ed Poibl\u00ed in \u00c9irinn","description":"L\u00e1ithre\u00e1n Gr\u00e9as\u00e1in Oifigi\u00fail Dh\u00e1mh na N\u00f3tair\u00ed Poibl\u00ed in \u00c9irinn","robots":{"index":"index","follow":"follow","max-snippet":"max-snippet:-1","max-image-preview":"max-image-preview:large","max-video-preview":"max-video-preview:-1"},"canonical":"https:\/\/www.notaryinstitute.ie\/ga\/baile\/","og_locale":"ga_IE","og_type":"article","og_title":"D\u00e1mh na N\u00f3tair\u00ed Poibl\u00ed in \u00c9irinn","og_description":"L\u00e1ithre\u00e1n Gr\u00e9as\u00e1in Oifigi\u00fail Dh\u00e1mh na N\u00f3tair\u00ed Poibl\u00ed in \u00c9irinn","og_url":"https:\/\/www.notaryinstitute.ie\/ga\/baile\/","og_site_name":"Institute of Notarial Studies","twitter_card":"summary_large_image","schema":{"@context":"https:\/\/schema.org","@graph":[{"@type":"WebPage","@id":"https:\/\/www.notaryinstitute.ie\/ga\/baile\/","url":"https:\/\/www.notaryinstitute.ie\/ga\/baile\/","name":"D\u00e1mh na N\u00f3tair\u00ed Poibl\u00ed in \u00c9irinn","isPartOf":{"@id":"https:\/\/www.notaryinstitute.ie\/#website"},"datePublished":"2021-02-23T14:01:19+00:00","description":"L\u00e1ithre\u00e1n Gr\u00e9as\u00e1in Oifigi\u00fail Dh\u00e1mh na N\u00f3tair\u00ed Poibl\u00ed in \u00c9irinn","breadcrumb":{"@id":"https:\/\/www.notaryinstitute.ie\/ga\/baile\/#breadcrumb"},"inLanguage":"ga-IE","potentialAction":[{"@type":"ReadAction","target":["https:\/\/www.notaryinstitute.ie\/ga\/baile\/"]}]},{"@type":"BreadcrumbList","@id":"https:\/\/www.notaryinstitute.ie\/ga\/baile\/#breadcrumb","itemListElement":[{"@type":"ListItem","position":1,"name":"Home","item":"https:\/\/www.notaryinstitute.ie\/ga\/baile\/"},{"@type":"ListItem","position":2,"name":"Baile"}]},{"@type":"WebSite","@id":"https:\/\/www.notaryinstitute.ie\/#website","url":"https:\/\/www.notaryinstitute.ie\/","name":"Institute of Notarial Studies","description":"","publisher":{"@id":"https:\/\/www.notaryinstitute.ie\/#organization"},"potentialAction":[{"@type":"SearchAction","target":{"@type":"EntryPoint","urlTemplate":"https:\/\/www.notaryinstitute.ie\/?s={search_term_string}"},"query-input":{"@type":"PropertyValueSpecification","valueRequired":true,"valueName":"search_term_string"}}],"inLanguage":"ga-IE"},{"@type":"Organization","@id":"https:\/\/www.notaryinstitute.ie\/#organization","name":"Institute of Notarial Studies","url":"https:\/\/www.notaryinstitute.ie\/","logo":{"@type":"ImageObject","inLanguage":"ga-IE","@id":"https:\/\/www.notaryinstitute.ie\/#\/schema\/logo\/image\/","url":"https:\/\/www.notaryinstitute.ie\/wp-content\/uploads\/2021\/02\/logo-1.png","contentUrl":"https:\/\/www.notaryinstitute.ie\/wp-content\/uploads\/2021\/02\/logo-1.png","width":120,"height":120,"caption":"Institute of Notarial Studies"},"image":{"@id":"https:\/\/www.notaryinstitute.ie\/#\/schema\/logo\/image\/"}}]}},"_links":{"self":[{"href":"https:\/\/www.notaryinstitute.ie\/ga\/wp-json\/wp\/v2\/pages\/2136","targetHints":{"allow":["GET"]}}],"collection":[{"href":"https:\/\/www.notaryinstitute.ie\/ga\/wp-json\/wp\/v2\/pages"}],"about":[{"href":"https:\/\/www.notaryinstitute.ie\/ga\/wp-json\/wp\/v2\/types\/page"}],"author":[{"embeddable":true,"href":"https:\/\/www.notaryinstitute.ie\/ga\/wp-json\/wp\/v2\/users\/5"}],"replies":[{"embeddable":true,"href":"https:\/\/www.notaryinstitute.ie\/ga\/wp-json\/wp\/v2\/comments?post=2136"}],"version-history":[{"count":0,"href":"https:\/\/www.notaryinstitute.ie\/ga\/wp-json\/wp\/v2\/pages\/2136\/revisions"}],"wp:attachment":[{"href":"https:\/\/www.notaryinstitute.ie\/ga\/wp-json\/wp\/v2\/media?parent=2136"}],"curies":[{"name":"wp","href":"https:\/\/api.w.org\/{rel}","templated":true}]}}