{"id":2144,"date":"2022-02-28T16:28:18","date_gmt":"2022-02-28T16:28:18","guid":{"rendered":"https:\/\/www.notaryinstitute.ie\/an-notaire-in-eirinn\/"},"modified":"2025-03-14T12:59:06","modified_gmt":"2025-03-14T12:59:06","slug":"an-notaire-in-eirinn","status":"publish","type":"page","link":"https:\/\/www.notaryinstitute.ie\/ga\/an-notaire-in-eirinn\/","title":{"rendered":"An N\u00f3taire in \u00c9irinn"},"content":{"rendered":"<p>\n&#13;\n<p>T\u00e1 gairm an dl\u00ed in \u00c9irinn roinnte ina habhc\u00f3id\u00ed, aturnaetha, n\u00f3tair\u00ed agus feidhmeannaigh dl\u00ed.<br\/><br\/>As gach gairm\u00ed dl\u00ed \u00e9ags\u00fala, is \u00e9 an n\u00f3taire poibl\u00ed an ceann is sine. I ngn\u00f3 dl\u00ed nach bhfuil achrann ann, t\u00e1 st\u00e1das inchompar\u00e1ide ag an n\u00f3taire leis an aturnae n\u00f3 an t-abhc\u00f3ide in \u00c9irinn agus t\u00e1 \u00e1it uath\u00fail aige i gc\u00farsa\u00ed gn\u00f3 idirn\u00e1isi\u00fanta.<br\/><br\/>T\u00e1 bun\u00fas na gairme n\u00f3taireachta le f\u00e1il i measc scr\u00edobhaithe na sibhialtachta \u00e1rsa na h\u00c9igipte agus na tabelliones sa R\u00f3imh. Th\u00e1inig na tabelliones, gairmithe a dh\u00e9ile\u00e1il le gn\u00f3 dl\u00edthi\u00fail, chun suntais sa R\u00f3imh idir an dara agus an tr\u00ed\u00fa haois AD. Chuir tionchair an Oirthir, t\u00e1bhacht an tr\u00e1cht\u00e1la san Impireacht R\u00f3mh\u00e1nach, agus an g\u00e1 le c\u00e1ip\u00e9is\u00ed dl\u00edthi\u00fala scr\u00edofa chun idirbhearta a rial\u00fa go l\u00e9ir leis an bhforbairt ar ghairm an n\u00f3taireachta. Ba ch\u00e9im shuntasach in \u00e9abhl\u00f3id an n\u00f3taireachta \u00e9 nuair a th\u00e1inig notarii chun bheith ina r\u00fanaithe ag na h\u00fadar\u00e1is \u2013 go pr\u00edomha an tImpire agus pr\u00edomhdhuine cl\u00e9ire.<br\/><br\/>Cheap an tImpire agus an P\u00e1pa n\u00f3tair\u00ed, agus d&#8217;\u00e9irigh le st\u00e1das an n\u00f3taireachta go m\u00f3r ar mh\u00f3rth\u00edr na hEorpa ina dhiaidh sin. I r\u00e9 Charlemagne (742\u2013814), a d&#8217;aontaigh formh\u00f3r na hEorpa Thiar faoina impireacht, bhain ionstraim\u00ed a dr\u00e9achta\u00edodh ag n\u00f3tair\u00ed ar mh\u00f3rth\u00edr na hEorpa an st\u00e1das agus an \u00e9ifeacht ch\u00e9anna le breithi\u00fanas cinntitheach. T\u00e1 an sc\u00e9al mar an gc\u00e9anna inniu ar mh\u00f3rth\u00edr na hEorpa, \u00e1it a bhfuil ionstraim bhar\u00e1nt\u00fail an n\u00f3taire ag baint an st\u00e1das c\u00e9anna amach.<br\/><br\/>Thug Christopher Columbus n\u00f3taire leis ar a thuras stairi\u00fail go Meirice\u00e1 (thart ar 1492) chun f\u00edrinne a chuid radharc a dheimhni\u00fa agus chun seilbh a ghlacadh ar an talamh.<br\/><br\/>T\u00e1 fianaise scr\u00edofa ann f\u00f3s maidir le ceapadh n\u00f3taire in \u00c9irinn sa tr\u00ed\u00fa haois d\u00e9ag. Mar shampla, bhronn an P\u00e1pa Honorius IV (P\u00e1pa 1285-1287) cumhacht ar Ardeaspag tofa Bhaile \u00c1tha Cliath, John de Sandford, i 1286 \u2018an oifig n\u00f3taire a bhronnadh ar bheirt daoine oiri\u00fanacha\u2019.<br\/><br\/>D\u2019ainmnigh an P\u00e1pa n\u00f3ta\u00edre d\u2019\u00c9irinn ar feadh tamaill. Chuir Anra\u00ed VIII (1509-1547) deireadh leis an ngaol le R\u00f3imh agus le ceapadh n\u00f3taire ag an bP\u00e1pa.<br\/><br\/>Ina dhiaidh sin, ceapadh n\u00f3ta\u00edre in \u00c9irinn ag an gC\u00fairt d\u2019\u00c1iseanna (\u00c9ire), Tiarna Ardeaspag Ard Mhacha, agus n\u00edos d\u00e9ana\u00ed ag Tiarna Seansail\u00e9ir na h\u00c9ireann agus an Tiarna Leifteanant.<br\/><br\/>Le bun\u00fa Shaorst\u00e1t \u00c9ireann, tugadh an dl\u00ednse chun n\u00f3ta\u00edre a cheapadh don Phr\u00edomh-Bhreitheamh. Sa l\u00e1 at\u00e1 inniu ann, is \u00e9 an Pr\u00edomh-Bhreitheamh an t-\u00fadar\u00e1s ceapach\u00e1in do n\u00f3ta\u00edre in \u00c9irinn.<br\/><br\/>T\u00e1 baint ag an n\u00f3taire sa l\u00e1 at\u00e1 inniu ann le c\u00faram agus aire doicim\u00e9id dhl\u00edthi\u00fala, rud a bhfuil macalla d\u2019amanna n\u00edos luaithe ann sa cheannaire m\u00f3r ar a dtugtar an pr\u00f3tan\u00f3t\u00e1ire n\u00f3 an prothonotary. Bh\u00ed an pr\u00f3tan\u00f3t\u00e1ire ar eolas i Sasana \u00f3 1447 agus ba oifigeach c\u00fairte \u00e9. Tagann an focal \u00f3n nGr\u00e9igis protonotarios (\u2018an ch\u00e9ad scr\u00edobha\u00ed\u2019 \u2013 ar dt\u00fas pr\u00edomhcheannaire chol\u00e1iste na gcl\u00e1raitheoir\u00ed c\u00fairte in Impireacht na Bios\u00e1ntach) agus \u00f3n Laidin notarius (n\u00f3t\u00e1ire).<br\/><br\/>Bronnadh an teideal pr\u00f3tan\u00f3t\u00e1ire freisin ar roinnt n\u00f3ta\u00edre ardch\u00e9ime. T\u00e1 fianaise ann go raibh an pr\u00f3tan\u00f3t\u00e1ire ag feidhmi\u00fa mar phr\u00edomh-r\u00fana\u00ed an Impire Bios\u00e1ntach. Sa Eaglais Chaitliceach R\u00f3mh\u00e1nach, bhain na pr\u00f3tan\u00f3t\u00e1ir\u00ed aspaldacha (protonarii apostolicii) le Col\u00e1iste na bPr\u00f3tan\u00f3t\u00e1ir\u00ed Aspaldacha. Ag deireadh an s\u00e9\u00fa haois d\u00e9ag, bhunaigh Sixtus V Col\u00e1iste na bPr\u00f3tan\u00f3t\u00e1ir\u00ed le dh\u00e1 cheann d\u00e9ag ball, agus ina dhiaidh sin, i 1838, shocraigh Gregory XVI an l\u00edon sin ag seachtar ball. Bh\u00ed na pr\u00f3tan\u00f3t\u00e1ir\u00ed seo bainteach le hobair doicim\u00e9adach i bpr\u00f3iseas na can\u00f3naithe agus na comhairl\u00ed; rinne siad scr\u00fad\u00fa ar iarrth\u00f3ir\u00ed i diagacht agus i ndl\u00ed can\u00f3nta agus bhronn siad l\u00edon \u00e1irithe c\u00e9imeanna.<br\/><br\/> Bh\u00ed Pr\u00f3tan\u00f3t\u00e1ir\u00ed On\u00f3rach ann freisin \u2013 can\u00f3nacha bhaisleac Naomh Peadar sa R\u00f3imh agus basilic\u00ed eile. Bhronn an P\u00e1pa an teideal pr\u00f3tan\u00f3t\u00e1ire ar shagairt ch\u00e1ili\u00fala a raibh cead acu na h\u00e9adain chu\u00ed do easpaig a chaitheamh, le roinnt modhnuithe \u00e1irithe. [F\u00e9ach S.G.A. Luff, The Organisation of the Church, (Londain) (1962).]<br\/><br\/>Bh\u00ed na pr\u00f3tan\u00f3t\u00e1ir\u00ed in \u00c9irinn tr\u00e1th mar phr\u00edomh-oifigigh Ch\u00fairteanna na nGn\u00f3tha\u00ed Coitianta agus na Binse Banr\u00edona\/R\u00ed, agus bh\u00ed a bpoist acu ar phaitinn faoin gCor\u00f3in fad is a bh\u00ed siad ag gn\u00edomh\u00fa go cu\u00ed. [F\u00e9ach Common Law Procedure (Ireland) Act 1821 c. 53. s.3] Bh\u00ed na hoifigigh seo freagrach as ceapadh na gcl\u00e9ireach ginear\u00e1lta c\u00fairte agus bh\u00ed an t-\u00fadar\u00e1s acu iad a dh\u00edbhe de r\u00e9ir a dtola, agus iad freagrach as a ngn\u00edomhartha. Ba iad dualgais na bpr\u00f3tan\u00f3t\u00e1ir\u00ed maoirseacht a dh\u00e9anamh ar iompar agus imeachta\u00ed oifigigh \u00e9ags\u00fala na c\u00fairte, ini\u00fachadh a dh\u00e9anamh ar a n-oifig\u00ed, chomh maith le taifid, leabhair, c\u00e1ip\u00e9is\u00ed agus doicim\u00e9id \u00e9ags\u00fala; agus nuair ba gh\u00e1, rabhadh a thabhairt d\u2019oifigigh. M\u00e1s g\u00e1, bh\u00ed orthu na f\u00edorais a thuairisci\u00fa don ch\u00fairt agus tuarasc\u00e1lacha speisialta a thabhairt do na breithi\u00fana maidir le cleachtas na c\u00fairte.<br\/> [F\u00e9ach go ginear\u00e1lta Common Law Procedure (Ireland) Act 1821 c.53.]<br\/><br\/>N\u00edl an teideal pr\u00f3tan\u00f3t\u00e1ire do dhl\u00edod\u00f3ir\u00ed sibhialta agus d\u2019oifigigh ch\u00fairte in \u00fas\u00e1id n\u00edos m\u00f3 in \u00c9irinn.<br\/><br\/>Sa l\u00e1 at\u00e1 inniu ann, mar a luaitear thuas, ceaptar an n\u00f3taire poibl\u00ed in \u00c9irinn ag an bPr\u00edomh-Bhreitheamh i gc\u00fairt oscailte tar \u00e9is don iarrth\u00f3ir (a chaithfidh a bheith ina abhc\u00f3ide cleachtach n\u00f3 ina aturnae le c\u00faig bliana taith\u00ed i ndiaidh c\u00e1il\u00edochta) an Diopl\u00f3ma Iarch\u00e9ime i nDl\u00ed agus Cleachtas N\u00f3taireachta a bheith bronnta air ag D\u00e1mh na N\u00f3ta\u00edre Poibl\u00ed in \u00c9irinn \/ Institi\u00faid na Staid\u00e9ar N\u00f3taireachta. F\u00e9adann n\u00f3taire poibl\u00ed in \u00c9irinn, go ginear\u00e1lta, gn\u00f3 dl\u00edthi\u00fail a sti\u00faradh, ach n\u00edl aon r\u00f3l aige i gceapadh mar \u2018ghn\u00f3 aighneacht\u00fail\u2019, .i. re\u00e1cht\u00e1il c\u00e1sanna sa ch\u00fairt.<br\/><br\/><br\/><br\/><\/p>&#13;\n<p><\/p><\/p>\n","protected":false},"excerpt":{"rendered":"<p>&#13; T\u00e1 gairm an dl\u00ed in \u00c9irinn roinnte ina habhc\u00f3id\u00ed, aturnaetha, n\u00f3tair\u00ed agus feidhmeannaigh dl\u00ed. As gach gairm\u00ed dl\u00ed \u00e9ags\u00fala,&#8230; [<a class=\"read-more\" href=\"https:\/\/www.notaryinstitute.ie\/ga\/an-notaire-in-eirinn\/\">more<\/a>]<\/p>\n","protected":false},"author":11,"featured_media":0,"parent":0,"menu_order":0,"comment_status":"closed","ping_status":"closed","template":"","meta":{"footnotes":""},"class_list":["post-2144","page","type-page","status-publish","hentry"],"yoast_head":"<!-- This site is optimized with the Yoast SEO plugin v26.9 - https:\/\/yoast.com\/product\/yoast-seo-wordpress\/ -->\n<title>An N\u00f3taire in \u00c9irinn - Institute of Notarial Studies<\/title>\n<meta name=\"description\" content=\"\u00c9il\u00edonn n\u00f3tair\u00ed\u00fa doicim\u00e9id sa l\u00e1 at\u00e1 inniu ann na foirmi\u00falachta\u00ed c\u00e9anna frithsceimhlitheoireachta agus frith-sci\u00fartha airgid is at\u00e1 i bhfeidhm agus cuntas bainc nua \u00e1 oscailt. Na rialacha\" \/>\n<meta name=\"robots\" content=\"index, follow, max-snippet:-1, max-image-preview:large, max-video-preview:-1\" \/>\n<link rel=\"canonical\" href=\"https:\/\/www.notaryinstitute.ie\/ga\/an-notaire-in-eirinn\/\" \/>\n<meta property=\"og:locale\" content=\"ga_IE\" \/>\n<meta property=\"og:type\" content=\"article\" \/>\n<meta property=\"og:title\" content=\"An N\u00f3taire in \u00c9irinn - Institute of Notarial Studies\" \/>\n<meta property=\"og:description\" content=\"\u00c9il\u00edonn n\u00f3tair\u00ed\u00fa doicim\u00e9id sa l\u00e1 at\u00e1 inniu ann na foirmi\u00falachta\u00ed c\u00e9anna frithsceimhlitheoireachta agus frith-sci\u00fartha airgid is at\u00e1 i bhfeidhm agus cuntas bainc nua \u00e1 oscailt. Na rialacha\" \/>\n<meta property=\"og:url\" content=\"https:\/\/www.notaryinstitute.ie\/ga\/an-notaire-in-eirinn\/\" \/>\n<meta property=\"og:site_name\" content=\"Institute of Notarial Studies\" \/>\n<meta property=\"article:modified_time\" content=\"2025-03-14T12:59:06+00:00\" \/>\n<meta name=\"twitter:card\" content=\"summary_large_image\" \/>\n<meta name=\"twitter:label1\" content=\"Est. reading time\" \/>\n\t<meta name=\"twitter:data1\" content=\"6 minutes\" \/>\n<script type=\"application\/ld+json\" class=\"yoast-schema-graph\">{\"@context\":\"https:\/\/schema.org\",\"@graph\":[{\"@type\":\"WebPage\",\"@id\":\"https:\/\/www.notaryinstitute.ie\/ga\/an-notaire-in-eirinn\/\",\"url\":\"https:\/\/www.notaryinstitute.ie\/ga\/an-notaire-in-eirinn\/\",\"name\":\"An N\u00f3taire in \u00c9irinn - Institute of Notarial Studies\",\"isPartOf\":{\"@id\":\"https:\/\/www.notaryinstitute.ie\/#website\"},\"datePublished\":\"2022-02-28T16:28:18+00:00\",\"dateModified\":\"2025-03-14T12:59:06+00:00\",\"description\":\"\u00c9il\u00edonn n\u00f3tair\u00ed\u00fa doicim\u00e9id sa l\u00e1 at\u00e1 inniu ann na foirmi\u00falachta\u00ed c\u00e9anna frithsceimhlitheoireachta agus frith-sci\u00fartha airgid is at\u00e1 i bhfeidhm agus cuntas bainc nua \u00e1 oscailt. Na rialacha\",\"breadcrumb\":{\"@id\":\"https:\/\/www.notaryinstitute.ie\/ga\/an-notaire-in-eirinn\/#breadcrumb\"},\"inLanguage\":\"ga-IE\",\"potentialAction\":[{\"@type\":\"ReadAction\",\"target\":[\"https:\/\/www.notaryinstitute.ie\/ga\/an-notaire-in-eirinn\/\"]}]},{\"@type\":\"BreadcrumbList\",\"@id\":\"https:\/\/www.notaryinstitute.ie\/ga\/an-notaire-in-eirinn\/#breadcrumb\",\"itemListElement\":[{\"@type\":\"ListItem\",\"position\":1,\"name\":\"Home\",\"item\":\"https:\/\/www.notaryinstitute.ie\/ga\/baile\/\"},{\"@type\":\"ListItem\",\"position\":2,\"name\":\"An N\u00f3taire in \u00c9irinn\"}]},{\"@type\":\"WebSite\",\"@id\":\"https:\/\/www.notaryinstitute.ie\/#website\",\"url\":\"https:\/\/www.notaryinstitute.ie\/\",\"name\":\"Institute of Notarial Studies\",\"description\":\"\",\"publisher\":{\"@id\":\"https:\/\/www.notaryinstitute.ie\/#organization\"},\"potentialAction\":[{\"@type\":\"SearchAction\",\"target\":{\"@type\":\"EntryPoint\",\"urlTemplate\":\"https:\/\/www.notaryinstitute.ie\/?s={search_term_string}\"},\"query-input\":{\"@type\":\"PropertyValueSpecification\",\"valueRequired\":true,\"valueName\":\"search_term_string\"}}],\"inLanguage\":\"ga-IE\"},{\"@type\":\"Organization\",\"@id\":\"https:\/\/www.notaryinstitute.ie\/#organization\",\"name\":\"Institute of Notarial Studies\",\"url\":\"https:\/\/www.notaryinstitute.ie\/\",\"logo\":{\"@type\":\"ImageObject\",\"inLanguage\":\"ga-IE\",\"@id\":\"https:\/\/www.notaryinstitute.ie\/#\/schema\/logo\/image\/\",\"url\":\"https:\/\/www.notaryinstitute.ie\/wp-content\/uploads\/2021\/02\/logo-1.png\",\"contentUrl\":\"https:\/\/www.notaryinstitute.ie\/wp-content\/uploads\/2021\/02\/logo-1.png\",\"width\":120,\"height\":120,\"caption\":\"Institute of Notarial Studies\"},\"image\":{\"@id\":\"https:\/\/www.notaryinstitute.ie\/#\/schema\/logo\/image\/\"}}]}<\/script>\n<!-- \/ Yoast SEO plugin. -->","yoast_head_json":{"title":"An N\u00f3taire in \u00c9irinn - Institute of Notarial Studies","description":"\u00c9il\u00edonn n\u00f3tair\u00ed\u00fa doicim\u00e9id sa l\u00e1 at\u00e1 inniu ann na foirmi\u00falachta\u00ed c\u00e9anna frithsceimhlitheoireachta agus frith-sci\u00fartha airgid is at\u00e1 i bhfeidhm agus cuntas bainc nua \u00e1 oscailt. Na rialacha","robots":{"index":"index","follow":"follow","max-snippet":"max-snippet:-1","max-image-preview":"max-image-preview:large","max-video-preview":"max-video-preview:-1"},"canonical":"https:\/\/www.notaryinstitute.ie\/ga\/an-notaire-in-eirinn\/","og_locale":"ga_IE","og_type":"article","og_title":"An N\u00f3taire in \u00c9irinn - Institute of Notarial Studies","og_description":"\u00c9il\u00edonn n\u00f3tair\u00ed\u00fa doicim\u00e9id sa l\u00e1 at\u00e1 inniu ann na foirmi\u00falachta\u00ed c\u00e9anna frithsceimhlitheoireachta agus frith-sci\u00fartha airgid is at\u00e1 i bhfeidhm agus cuntas bainc nua \u00e1 oscailt. Na rialacha","og_url":"https:\/\/www.notaryinstitute.ie\/ga\/an-notaire-in-eirinn\/","og_site_name":"Institute of Notarial Studies","article_modified_time":"2025-03-14T12:59:06+00:00","twitter_card":"summary_large_image","twitter_misc":{"Est. reading time":"6 minutes"},"schema":{"@context":"https:\/\/schema.org","@graph":[{"@type":"WebPage","@id":"https:\/\/www.notaryinstitute.ie\/ga\/an-notaire-in-eirinn\/","url":"https:\/\/www.notaryinstitute.ie\/ga\/an-notaire-in-eirinn\/","name":"An N\u00f3taire in \u00c9irinn - Institute of Notarial Studies","isPartOf":{"@id":"https:\/\/www.notaryinstitute.ie\/#website"},"datePublished":"2022-02-28T16:28:18+00:00","dateModified":"2025-03-14T12:59:06+00:00","description":"\u00c9il\u00edonn n\u00f3tair\u00ed\u00fa doicim\u00e9id sa l\u00e1 at\u00e1 inniu ann na foirmi\u00falachta\u00ed c\u00e9anna frithsceimhlitheoireachta agus frith-sci\u00fartha airgid is at\u00e1 i bhfeidhm agus cuntas bainc nua \u00e1 oscailt. Na rialacha","breadcrumb":{"@id":"https:\/\/www.notaryinstitute.ie\/ga\/an-notaire-in-eirinn\/#breadcrumb"},"inLanguage":"ga-IE","potentialAction":[{"@type":"ReadAction","target":["https:\/\/www.notaryinstitute.ie\/ga\/an-notaire-in-eirinn\/"]}]},{"@type":"BreadcrumbList","@id":"https:\/\/www.notaryinstitute.ie\/ga\/an-notaire-in-eirinn\/#breadcrumb","itemListElement":[{"@type":"ListItem","position":1,"name":"Home","item":"https:\/\/www.notaryinstitute.ie\/ga\/baile\/"},{"@type":"ListItem","position":2,"name":"An N\u00f3taire in \u00c9irinn"}]},{"@type":"WebSite","@id":"https:\/\/www.notaryinstitute.ie\/#website","url":"https:\/\/www.notaryinstitute.ie\/","name":"Institute of Notarial Studies","description":"","publisher":{"@id":"https:\/\/www.notaryinstitute.ie\/#organization"},"potentialAction":[{"@type":"SearchAction","target":{"@type":"EntryPoint","urlTemplate":"https:\/\/www.notaryinstitute.ie\/?s={search_term_string}"},"query-input":{"@type":"PropertyValueSpecification","valueRequired":true,"valueName":"search_term_string"}}],"inLanguage":"ga-IE"},{"@type":"Organization","@id":"https:\/\/www.notaryinstitute.ie\/#organization","name":"Institute of Notarial Studies","url":"https:\/\/www.notaryinstitute.ie\/","logo":{"@type":"ImageObject","inLanguage":"ga-IE","@id":"https:\/\/www.notaryinstitute.ie\/#\/schema\/logo\/image\/","url":"https:\/\/www.notaryinstitute.ie\/wp-content\/uploads\/2021\/02\/logo-1.png","contentUrl":"https:\/\/www.notaryinstitute.ie\/wp-content\/uploads\/2021\/02\/logo-1.png","width":120,"height":120,"caption":"Institute of Notarial Studies"},"image":{"@id":"https:\/\/www.notaryinstitute.ie\/#\/schema\/logo\/image\/"}}]}},"_links":{"self":[{"href":"https:\/\/www.notaryinstitute.ie\/ga\/wp-json\/wp\/v2\/pages\/2144","targetHints":{"allow":["GET"]}}],"collection":[{"href":"https:\/\/www.notaryinstitute.ie\/ga\/wp-json\/wp\/v2\/pages"}],"about":[{"href":"https:\/\/www.notaryinstitute.ie\/ga\/wp-json\/wp\/v2\/types\/page"}],"author":[{"embeddable":true,"href":"https:\/\/www.notaryinstitute.ie\/ga\/wp-json\/wp\/v2\/users\/11"}],"replies":[{"embeddable":true,"href":"https:\/\/www.notaryinstitute.ie\/ga\/wp-json\/wp\/v2\/comments?post=2144"}],"version-history":[{"count":0,"href":"https:\/\/www.notaryinstitute.ie\/ga\/wp-json\/wp\/v2\/pages\/2144\/revisions"}],"wp:attachment":[{"href":"https:\/\/www.notaryinstitute.ie\/ga\/wp-json\/wp\/v2\/media?parent=2144"}],"curies":[{"name":"wp","href":"https:\/\/api.w.org\/{rel}","templated":true}]}}