{"id":2145,"date":"2019-02-22T12:49:24","date_gmt":"2019-02-22T12:49:24","guid":{"rendered":"https:\/\/www.notaryinstitute.ie\/polasai-fianan\/"},"modified":"2025-02-26T13:29:53","modified_gmt":"2025-02-26T13:29:53","slug":"polasai-fianan","status":"publish","type":"page","link":"https:\/\/www.notaryinstitute.ie\/ga\/polasai-fianan\/","title":{"rendered":"Polasa\u00ed Fian\u00e1n"},"content":{"rendered":"&#13;\n<h4><br\/>What are cookies?<\/h4>&#13;\n<p>Is comhad beag sonra\u00ed \u00e9 fian\u00e1n a aistr\u00edtear chuig do ghl\u00e9as (m.sh. do ghuth\u00e1n n\u00f3 do r\u00edomhaire) a bhail\u00edonn faisn\u00e9is, lena n-\u00e1ir\u00edtear faisn\u00e9is phearsanta f\u00fat. \u00das\u00e1idtear go forleathan iad le go n-oibreoidh su\u00edomhanna gr\u00e9as\u00e1in, n\u00f3 go n-oibreoidh siad ar bhealach n\u00edos \u00e9ifeachta\u00ed, chomh maith le faisn\u00e9is a shol\u00e1thar d\u2019\u00fain\u00e9ir\u00ed l\u00e1ithre\u00e1n gr\u00e9as\u00e1in. Mar shampla, d\u2019fh\u00e9adfadh fian\u00e1n ligean d\u00e1r su\u00edomh Gr\u00e9as\u00e1in do bhrabhs\u00e1la\u00ed a aithint, agus d\u2019fh\u00e9adfadh duine eile do shainroghanna agus faisn\u00e9is eile a st\u00f3r\u00e1il agus ligean duit an su\u00edomh Gr\u00e9as\u00e1in a nasclean\u00faint go h\u00e9ifeachtach.<\/p>&#13;\n<p>Is f\u00e9idir le fian\u00e1in cabhr\u00fa freisin lena chinnti\u00fa go bhfuil na f\u00f3gra\u00ed a fheiceann t\u00fa ar l\u00edne n\u00edos \u00e1bhartha duit f\u00e9in agus do do leasanna.<\/p>&#13;\n<p>Cine\u00e1lacha fian\u00e1in a \u00fas\u00e1idtear ar an su\u00edomh Gr\u00e9as\u00e1in seo<\/p>&#13;\n<!-- CookiePro Cookies List start -->&#13;\n<div id=\"ot-sdk-cookie-policy\">\u00a0<\/div>&#13;\n<!-- CookiePro Cookies List end -->&#13;\n<h4>Managing and disabling cookies<\/h4>&#13;\n<p>N\u00edl fian\u00e1n ar bith nach bhfuil Strictly Riachtanach gn\u00edomhach de r\u00e9ir r\u00e9amhshocraithe agus n\u00ed sheolann s\u00e9 faisn\u00e9is chuig an acmhainn a dtugtar uaidh. Ag glacadh le gach fian\u00e1n, d\u00e9anann s\u00e9 gach fian\u00e1n gn\u00edomhach. Is f\u00e9idir leat do shainroghanna fian\u00e1n don su\u00edomh Gr\u00e9as\u00e1in a mhodhn\u00fa am ar bith ach clice\u00e1il ar an gcnaipe \u2018Socruithe Fian\u00e1n\u2019 th\u00edos.<\/p>&#13;\n&#13;\n<!-- CookiePro Cookies Settings button start -->&#13;\n<button id=\"ot-sdk-btn\" class=\"ot-sdk-show-settings\">Cookie Settings<\/button>&#13;\n<!-- CookiePro Cookies Settings button end -->&#13;\n<p>&nbsp;<\/p>\n","protected":false},"excerpt":{"rendered":"<p>&#13; What are cookies? &#13; Is comhad beag sonra\u00ed \u00e9 fian\u00e1n a aistr\u00edtear chuig do ghl\u00e9as (m.sh. do ghuth\u00e1n n\u00f3&#8230; [<a class=\"read-more\" href=\"https:\/\/www.notaryinstitute.ie\/ga\/polasai-fianan\/\">more<\/a>]<\/p>\n","protected":false},"author":5,"featured_media":0,"parent":0,"menu_order":0,"comment_status":"closed","ping_status":"closed","template":"","meta":{"footnotes":""},"class_list":["post-2145","page","type-page","status-publish","hentry"],"yoast_head":"<!-- This site is optimized with the Yoast SEO plugin v26.9 - https:\/\/yoast.com\/product\/yoast-seo-wordpress\/ -->\n<title>Polasa\u00ed Fian\u00e1n - Institute of Notarial Studies<\/title>\n<meta name=\"robots\" content=\"index, follow, max-snippet:-1, max-image-preview:large, max-video-preview:-1\" \/>\n<link rel=\"canonical\" href=\"https:\/\/www.notaryinstitute.ie\/ga\/polasai-fianan\/\" \/>\n<meta property=\"og:locale\" content=\"ga_IE\" \/>\n<meta property=\"og:type\" content=\"article\" \/>\n<meta property=\"og:title\" content=\"Polasa\u00ed Fian\u00e1n - Institute of Notarial Studies\" \/>\n<meta property=\"og:description\" content=\"&#013; What are cookies? &#013; Is comhad beag sonra\u00ed \u00e9 fian\u00e1n a aistr\u00edtear chuig do ghl\u00e9as (m.sh. do ghuth\u00e1n n\u00f3... [more]\" \/>\n<meta property=\"og:url\" content=\"https:\/\/www.notaryinstitute.ie\/ga\/polasai-fianan\/\" \/>\n<meta property=\"og:site_name\" content=\"Institute of Notarial Studies\" \/>\n<meta property=\"article:modified_time\" content=\"2025-02-26T13:29:53+00:00\" \/>\n<meta name=\"twitter:card\" content=\"summary_large_image\" \/>\n<meta name=\"twitter:label1\" content=\"Est. reading time\" \/>\n\t<meta name=\"twitter:data1\" content=\"1 minute\" \/>\n<script type=\"application\/ld+json\" class=\"yoast-schema-graph\">{\"@context\":\"https:\/\/schema.org\",\"@graph\":[{\"@type\":\"WebPage\",\"@id\":\"https:\/\/www.notaryinstitute.ie\/ga\/polasai-fianan\/\",\"url\":\"https:\/\/www.notaryinstitute.ie\/ga\/polasai-fianan\/\",\"name\":\"Polasa\u00ed Fian\u00e1n - Institute of Notarial Studies\",\"isPartOf\":{\"@id\":\"https:\/\/www.notaryinstitute.ie\/#website\"},\"datePublished\":\"2019-02-22T12:49:24+00:00\",\"dateModified\":\"2025-02-26T13:29:53+00:00\",\"breadcrumb\":{\"@id\":\"https:\/\/www.notaryinstitute.ie\/ga\/polasai-fianan\/#breadcrumb\"},\"inLanguage\":\"ga-IE\",\"potentialAction\":[{\"@type\":\"ReadAction\",\"target\":[\"https:\/\/www.notaryinstitute.ie\/ga\/polasai-fianan\/\"]}]},{\"@type\":\"BreadcrumbList\",\"@id\":\"https:\/\/www.notaryinstitute.ie\/ga\/polasai-fianan\/#breadcrumb\",\"itemListElement\":[{\"@type\":\"ListItem\",\"position\":1,\"name\":\"Home\",\"item\":\"https:\/\/www.notaryinstitute.ie\/ga\/baile\/\"},{\"@type\":\"ListItem\",\"position\":2,\"name\":\"Polasa\u00ed Fian\u00e1n\"}]},{\"@type\":\"WebSite\",\"@id\":\"https:\/\/www.notaryinstitute.ie\/#website\",\"url\":\"https:\/\/www.notaryinstitute.ie\/\",\"name\":\"Institute of Notarial Studies\",\"description\":\"\",\"publisher\":{\"@id\":\"https:\/\/www.notaryinstitute.ie\/#organization\"},\"potentialAction\":[{\"@type\":\"SearchAction\",\"target\":{\"@type\":\"EntryPoint\",\"urlTemplate\":\"https:\/\/www.notaryinstitute.ie\/?s={search_term_string}\"},\"query-input\":{\"@type\":\"PropertyValueSpecification\",\"valueRequired\":true,\"valueName\":\"search_term_string\"}}],\"inLanguage\":\"ga-IE\"},{\"@type\":\"Organization\",\"@id\":\"https:\/\/www.notaryinstitute.ie\/#organization\",\"name\":\"Institute of Notarial Studies\",\"url\":\"https:\/\/www.notaryinstitute.ie\/\",\"logo\":{\"@type\":\"ImageObject\",\"inLanguage\":\"ga-IE\",\"@id\":\"https:\/\/www.notaryinstitute.ie\/#\/schema\/logo\/image\/\",\"url\":\"https:\/\/www.notaryinstitute.ie\/wp-content\/uploads\/2021\/02\/logo-1.png\",\"contentUrl\":\"https:\/\/www.notaryinstitute.ie\/wp-content\/uploads\/2021\/02\/logo-1.png\",\"width\":120,\"height\":120,\"caption\":\"Institute of Notarial Studies\"},\"image\":{\"@id\":\"https:\/\/www.notaryinstitute.ie\/#\/schema\/logo\/image\/\"}}]}<\/script>\n<!-- \/ Yoast SEO plugin. -->","yoast_head_json":{"title":"Polasa\u00ed Fian\u00e1n - Institute of Notarial Studies","robots":{"index":"index","follow":"follow","max-snippet":"max-snippet:-1","max-image-preview":"max-image-preview:large","max-video-preview":"max-video-preview:-1"},"canonical":"https:\/\/www.notaryinstitute.ie\/ga\/polasai-fianan\/","og_locale":"ga_IE","og_type":"article","og_title":"Polasa\u00ed Fian\u00e1n - Institute of Notarial Studies","og_description":"&#13; What are cookies? &#13; Is comhad beag sonra\u00ed \u00e9 fian\u00e1n a aistr\u00edtear chuig do ghl\u00e9as (m.sh. do ghuth\u00e1n n\u00f3... [more]","og_url":"https:\/\/www.notaryinstitute.ie\/ga\/polasai-fianan\/","og_site_name":"Institute of Notarial Studies","article_modified_time":"2025-02-26T13:29:53+00:00","twitter_card":"summary_large_image","twitter_misc":{"Est. reading time":"1 minute"},"schema":{"@context":"https:\/\/schema.org","@graph":[{"@type":"WebPage","@id":"https:\/\/www.notaryinstitute.ie\/ga\/polasai-fianan\/","url":"https:\/\/www.notaryinstitute.ie\/ga\/polasai-fianan\/","name":"Polasa\u00ed Fian\u00e1n - Institute of Notarial Studies","isPartOf":{"@id":"https:\/\/www.notaryinstitute.ie\/#website"},"datePublished":"2019-02-22T12:49:24+00:00","dateModified":"2025-02-26T13:29:53+00:00","breadcrumb":{"@id":"https:\/\/www.notaryinstitute.ie\/ga\/polasai-fianan\/#breadcrumb"},"inLanguage":"ga-IE","potentialAction":[{"@type":"ReadAction","target":["https:\/\/www.notaryinstitute.ie\/ga\/polasai-fianan\/"]}]},{"@type":"BreadcrumbList","@id":"https:\/\/www.notaryinstitute.ie\/ga\/polasai-fianan\/#breadcrumb","itemListElement":[{"@type":"ListItem","position":1,"name":"Home","item":"https:\/\/www.notaryinstitute.ie\/ga\/baile\/"},{"@type":"ListItem","position":2,"name":"Polasa\u00ed Fian\u00e1n"}]},{"@type":"WebSite","@id":"https:\/\/www.notaryinstitute.ie\/#website","url":"https:\/\/www.notaryinstitute.ie\/","name":"Institute of Notarial Studies","description":"","publisher":{"@id":"https:\/\/www.notaryinstitute.ie\/#organization"},"potentialAction":[{"@type":"SearchAction","target":{"@type":"EntryPoint","urlTemplate":"https:\/\/www.notaryinstitute.ie\/?s={search_term_string}"},"query-input":{"@type":"PropertyValueSpecification","valueRequired":true,"valueName":"search_term_string"}}],"inLanguage":"ga-IE"},{"@type":"Organization","@id":"https:\/\/www.notaryinstitute.ie\/#organization","name":"Institute of Notarial Studies","url":"https:\/\/www.notaryinstitute.ie\/","logo":{"@type":"ImageObject","inLanguage":"ga-IE","@id":"https:\/\/www.notaryinstitute.ie\/#\/schema\/logo\/image\/","url":"https:\/\/www.notaryinstitute.ie\/wp-content\/uploads\/2021\/02\/logo-1.png","contentUrl":"https:\/\/www.notaryinstitute.ie\/wp-content\/uploads\/2021\/02\/logo-1.png","width":120,"height":120,"caption":"Institute of Notarial Studies"},"image":{"@id":"https:\/\/www.notaryinstitute.ie\/#\/schema\/logo\/image\/"}}]}},"_links":{"self":[{"href":"https:\/\/www.notaryinstitute.ie\/ga\/wp-json\/wp\/v2\/pages\/2145","targetHints":{"allow":["GET"]}}],"collection":[{"href":"https:\/\/www.notaryinstitute.ie\/ga\/wp-json\/wp\/v2\/pages"}],"about":[{"href":"https:\/\/www.notaryinstitute.ie\/ga\/wp-json\/wp\/v2\/types\/page"}],"author":[{"embeddable":true,"href":"https:\/\/www.notaryinstitute.ie\/ga\/wp-json\/wp\/v2\/users\/5"}],"replies":[{"embeddable":true,"href":"https:\/\/www.notaryinstitute.ie\/ga\/wp-json\/wp\/v2\/comments?post=2145"}],"version-history":[{"count":0,"href":"https:\/\/www.notaryinstitute.ie\/ga\/wp-json\/wp\/v2\/pages\/2145\/revisions"}],"wp:attachment":[{"href":"https:\/\/www.notaryinstitute.ie\/ga\/wp-json\/wp\/v2\/media?parent=2145"}],"curies":[{"name":"wp","href":"https:\/\/api.w.org\/{rel}","templated":true}]}}