{"id":2147,"date":"2022-02-28T17:52:03","date_gmt":"2022-02-28T17:52:03","guid":{"rendered":"https:\/\/www.notaryinstitute.ie\/scribhinni-rialachain\/"},"modified":"2025-02-26T13:52:20","modified_gmt":"2025-02-26T13:52:20","slug":"scribhinni-rialachain","status":"publish","type":"page","link":"https:\/\/www.notaryinstitute.ie\/ga\/scribhinni-rialachain\/","title":{"rendered":"Scr\u00edbhinn\u00ed &amp; Rialach\u00e1in"},"content":{"rendered":"\t\t<div data-elementor-type=\"wp-page\" data-elementor-id=\"2147\" class=\"elementor elementor-2147 elementor-1871\" data-elementor-post-type=\"page\">\n\t\t\t\t\t\t<section class=\"elementor-section elementor-top-section elementor-element elementor-element-4f72f88d elementor-section-boxed elementor-section-height-default elementor-section-height-default\" data-id=\"4f72f88d\" data-element_type=\"section\" data-e-type=\"section\">\n\t\t\t\t\t\t<div class=\"elementor-container elementor-column-gap-default\">\n\t\t\t\t\t<div class=\"elementor-column elementor-col-100 elementor-top-column elementor-element elementor-element-264f6691\" data-id=\"264f6691\" data-element_type=\"column\" data-e-type=\"column\">\n\t\t\t<div class=\"elementor-widget-wrap elementor-element-populated\">\n\t\t\t\t\t\t<div class=\"elementor-element elementor-element-6b0827c1 elementor-widget elementor-widget-text-editor\" data-id=\"6b0827c1\" data-element_type=\"widget\" data-e-type=\"widget\" data-widget_type=\"text-editor.default\">\n\t\t\t\t<div class=\"elementor-widget-container\">\n\t\t\t\t\t\t\t\t\t<p><\/p>\n<div class=\"row\">\n<p><a href=\"https:\/\/www.notaryinstitute.ie\/wp-content\/uploads\/2022\/02\/Not.Pub_.Ed_.Consol.Regs_.14.1A.pdf\" target=\"_blank\" rel=\"noopener\">1. Na Rialach\u00e1in um Oideachas, Oili\u00faint agus Scr\u00fad\u00fa n\u00f3tair\u00ed Poibl\u00ed 2007-2014 (arna gcomhdhl\u00fath\u00fa)<\/a><\/p>\n<p><a href=\"https:\/\/www.notaryinstitute.ie\/wp-content\/uploads\/2022\/02\/Not.Functions.Powers.pdf\" target=\"_blank\" rel=\"noopener\">2. Oifig an N\u00f3taire Poibl\u00ed In \u00c9irinn: Stair, Cumhachta\u00ed agus Feidhmeanna<\/a><\/p>\n<p><a href=\"https:\/\/www.notaryinstitute.ie\/wp-content\/uploads\/2022\/02\/Soc.WellBred.Not_.1801.pdf\" target=\"_blank\" rel=\"noopener\">3. Cumann N\u00f3tair\u00ed Puibl\u00ed Cleachtacha na h\u00c9ireann agus a Comharba\u00ed<\/a><\/p>\n<p><a href=\"https:\/\/www.notaryinstitute.ie\/wp-content\/uploads\/2022\/02\/European-Union-and-the-Notary.pdf\" target=\"_blank\" rel=\"noopener\">4. An Dl\u00ed Coiteann agus an Dl\u00ed Sibhialta N\u00f3taire san Aontas Eorpach: Oidhreacht Chomhroinnte agus Todhcha\u00ed Tionchair? P\u00e1ip\u00e9ar seachadta chuig Cumann N\u00f3tair\u00ed Shasana agus na Breataine Bige, 17 Me\u00e1n F\u00f3mhair 2015, Londain. <\/a><\/p>\n<p><a href=\"https:\/\/www.notaryinstitute.ie\/wp-content\/uploads\/2022\/02\/TheNotaryOfIrelandIrishJuristReview.pdf\" target=\"_blank\" rel=\"noopener\">5. N\u00f3taire na h\u00c9ireann Irish Jurist Review<\/a><\/p>\n<p><a href=\"https:\/\/www.notaryinstitute.ie\/wp-content\/uploads\/2022\/02\/THE.NOTARY.OF_.IRELAND.pdf\" target=\"_blank\" rel=\"noopener\">6. N\u00f3taire na h\u00c9ireann: Dl\u00ed agus Cleachtas<\/a><\/p>\n<p><a href=\"https:\/\/www.notaryinstitute.ie\/wp-content\/uploads\/2022\/02\/BookReview01.pdf\" target=\"_blank\" rel=\"noopener\">(Sonra\u00ed agus L\u00e9irmheasanna Leabhar)<\/a><\/p>\n<\/div>\n<p><\/p>\t\t\t\t\t\t\t\t<\/div>\n\t\t\t\t<\/div>\n\t\t\t\t\t<\/div>\n\t\t<\/div>\n\t\t\t\t\t<\/div>\n\t\t<\/section>\n\t\t\t\t<\/div>\n\t\t","protected":false},"excerpt":{"rendered":"<p>1. Na Rialach\u00e1in um Oideachas, Oili\u00faint agus Scr\u00fad\u00fa n\u00f3tair\u00ed Poibl\u00ed 2007-2014 (arna gcomhdhl\u00fath\u00fa) 2. Oifig an N\u00f3taire Poibl\u00ed In \u00c9irinn:&#8230; [<a class=\"read-more\" href=\"https:\/\/www.notaryinstitute.ie\/ga\/scribhinni-rialachain\/\">more<\/a>]<\/p>\n","protected":false},"author":11,"featured_media":0,"parent":0,"menu_order":0,"comment_status":"closed","ping_status":"closed","template":"","meta":{"footnotes":""},"class_list":["post-2147","page","type-page","status-publish","hentry"],"yoast_head":"<!-- This site is optimized with the Yoast SEO plugin v26.9 - https:\/\/yoast.com\/product\/yoast-seo-wordpress\/ -->\n<title>Scr\u00edbhinn\u00ed &amp; Rialach\u00e1in - Institute of Notarial Studies<\/title>\n<meta name=\"description\" content=\"\u00c9il\u00edonn n\u00f3tair\u00ed\u00fa doicim\u00e9id sa l\u00e1 at\u00e1 inniu ann na foirmi\u00falachta\u00ed c\u00e9anna frithsceimhlitheoireachta agus frith-sci\u00fartha airgid is at\u00e1 i bhfeidhm agus cuntas bainc nua \u00e1 oscailt. Na rialacha\" \/>\n<meta name=\"robots\" content=\"index, follow, max-snippet:-1, max-image-preview:large, max-video-preview:-1\" \/>\n<link rel=\"canonical\" href=\"https:\/\/www.notaryinstitute.ie\/ga\/scribhinni-rialachain\/\" \/>\n<meta property=\"og:locale\" content=\"ga_IE\" \/>\n<meta property=\"og:type\" content=\"article\" \/>\n<meta property=\"og:title\" content=\"Scr\u00edbhinn\u00ed &amp; Rialach\u00e1in - Institute of Notarial Studies\" \/>\n<meta property=\"og:description\" content=\"\u00c9il\u00edonn n\u00f3tair\u00ed\u00fa doicim\u00e9id sa l\u00e1 at\u00e1 inniu ann na foirmi\u00falachta\u00ed c\u00e9anna frithsceimhlitheoireachta agus frith-sci\u00fartha airgid is at\u00e1 i bhfeidhm agus cuntas bainc nua \u00e1 oscailt. Na rialacha\" \/>\n<meta property=\"og:url\" content=\"https:\/\/www.notaryinstitute.ie\/ga\/scribhinni-rialachain\/\" \/>\n<meta property=\"og:site_name\" content=\"Institute of Notarial Studies\" \/>\n<meta property=\"article:modified_time\" content=\"2025-02-26T13:52:20+00:00\" \/>\n<meta name=\"twitter:card\" content=\"summary_large_image\" \/>\n<script type=\"application\/ld+json\" class=\"yoast-schema-graph\">{\"@context\":\"https:\/\/schema.org\",\"@graph\":[{\"@type\":\"WebPage\",\"@id\":\"https:\/\/www.notaryinstitute.ie\/ga\/scribhinni-rialachain\/\",\"url\":\"https:\/\/www.notaryinstitute.ie\/ga\/scribhinni-rialachain\/\",\"name\":\"Scr\u00edbhinn\u00ed &amp; Rialach\u00e1in - Institute of Notarial Studies\",\"isPartOf\":{\"@id\":\"https:\/\/www.notaryinstitute.ie\/#website\"},\"datePublished\":\"2022-02-28T17:52:03+00:00\",\"dateModified\":\"2025-02-26T13:52:20+00:00\",\"description\":\"\u00c9il\u00edonn n\u00f3tair\u00ed\u00fa doicim\u00e9id sa l\u00e1 at\u00e1 inniu ann na foirmi\u00falachta\u00ed c\u00e9anna frithsceimhlitheoireachta agus frith-sci\u00fartha airgid is at\u00e1 i bhfeidhm agus cuntas bainc nua \u00e1 oscailt. Na rialacha\",\"breadcrumb\":{\"@id\":\"https:\/\/www.notaryinstitute.ie\/ga\/scribhinni-rialachain\/#breadcrumb\"},\"inLanguage\":\"ga-IE\",\"potentialAction\":[{\"@type\":\"ReadAction\",\"target\":[\"https:\/\/www.notaryinstitute.ie\/ga\/scribhinni-rialachain\/\"]}]},{\"@type\":\"BreadcrumbList\",\"@id\":\"https:\/\/www.notaryinstitute.ie\/ga\/scribhinni-rialachain\/#breadcrumb\",\"itemListElement\":[{\"@type\":\"ListItem\",\"position\":1,\"name\":\"Home\",\"item\":\"https:\/\/www.notaryinstitute.ie\/ga\/baile\/\"},{\"@type\":\"ListItem\",\"position\":2,\"name\":\"Scr\u00edbhinn\u00ed &amp; Rialach\u00e1in\"}]},{\"@type\":\"WebSite\",\"@id\":\"https:\/\/www.notaryinstitute.ie\/#website\",\"url\":\"https:\/\/www.notaryinstitute.ie\/\",\"name\":\"Institute of Notarial Studies\",\"description\":\"\",\"publisher\":{\"@id\":\"https:\/\/www.notaryinstitute.ie\/#organization\"},\"potentialAction\":[{\"@type\":\"SearchAction\",\"target\":{\"@type\":\"EntryPoint\",\"urlTemplate\":\"https:\/\/www.notaryinstitute.ie\/?s={search_term_string}\"},\"query-input\":{\"@type\":\"PropertyValueSpecification\",\"valueRequired\":true,\"valueName\":\"search_term_string\"}}],\"inLanguage\":\"ga-IE\"},{\"@type\":\"Organization\",\"@id\":\"https:\/\/www.notaryinstitute.ie\/#organization\",\"name\":\"Institute of Notarial Studies\",\"url\":\"https:\/\/www.notaryinstitute.ie\/\",\"logo\":{\"@type\":\"ImageObject\",\"inLanguage\":\"ga-IE\",\"@id\":\"https:\/\/www.notaryinstitute.ie\/#\/schema\/logo\/image\/\",\"url\":\"https:\/\/www.notaryinstitute.ie\/wp-content\/uploads\/2021\/02\/logo-1.png\",\"contentUrl\":\"https:\/\/www.notaryinstitute.ie\/wp-content\/uploads\/2021\/02\/logo-1.png\",\"width\":120,\"height\":120,\"caption\":\"Institute of Notarial Studies\"},\"image\":{\"@id\":\"https:\/\/www.notaryinstitute.ie\/#\/schema\/logo\/image\/\"}}]}<\/script>\n<!-- \/ Yoast SEO plugin. -->","yoast_head_json":{"title":"Scr\u00edbhinn\u00ed &amp; Rialach\u00e1in - Institute of Notarial Studies","description":"\u00c9il\u00edonn n\u00f3tair\u00ed\u00fa doicim\u00e9id sa l\u00e1 at\u00e1 inniu ann na foirmi\u00falachta\u00ed c\u00e9anna frithsceimhlitheoireachta agus frith-sci\u00fartha airgid is at\u00e1 i bhfeidhm agus cuntas bainc nua \u00e1 oscailt. Na rialacha","robots":{"index":"index","follow":"follow","max-snippet":"max-snippet:-1","max-image-preview":"max-image-preview:large","max-video-preview":"max-video-preview:-1"},"canonical":"https:\/\/www.notaryinstitute.ie\/ga\/scribhinni-rialachain\/","og_locale":"ga_IE","og_type":"article","og_title":"Scr\u00edbhinn\u00ed &amp; Rialach\u00e1in - Institute of Notarial Studies","og_description":"\u00c9il\u00edonn n\u00f3tair\u00ed\u00fa doicim\u00e9id sa l\u00e1 at\u00e1 inniu ann na foirmi\u00falachta\u00ed c\u00e9anna frithsceimhlitheoireachta agus frith-sci\u00fartha airgid is at\u00e1 i bhfeidhm agus cuntas bainc nua \u00e1 oscailt. Na rialacha","og_url":"https:\/\/www.notaryinstitute.ie\/ga\/scribhinni-rialachain\/","og_site_name":"Institute of Notarial Studies","article_modified_time":"2025-02-26T13:52:20+00:00","twitter_card":"summary_large_image","schema":{"@context":"https:\/\/schema.org","@graph":[{"@type":"WebPage","@id":"https:\/\/www.notaryinstitute.ie\/ga\/scribhinni-rialachain\/","url":"https:\/\/www.notaryinstitute.ie\/ga\/scribhinni-rialachain\/","name":"Scr\u00edbhinn\u00ed &amp; Rialach\u00e1in - Institute of Notarial Studies","isPartOf":{"@id":"https:\/\/www.notaryinstitute.ie\/#website"},"datePublished":"2022-02-28T17:52:03+00:00","dateModified":"2025-02-26T13:52:20+00:00","description":"\u00c9il\u00edonn n\u00f3tair\u00ed\u00fa doicim\u00e9id sa l\u00e1 at\u00e1 inniu ann na foirmi\u00falachta\u00ed c\u00e9anna frithsceimhlitheoireachta agus frith-sci\u00fartha airgid is at\u00e1 i bhfeidhm agus cuntas bainc nua \u00e1 oscailt. Na rialacha","breadcrumb":{"@id":"https:\/\/www.notaryinstitute.ie\/ga\/scribhinni-rialachain\/#breadcrumb"},"inLanguage":"ga-IE","potentialAction":[{"@type":"ReadAction","target":["https:\/\/www.notaryinstitute.ie\/ga\/scribhinni-rialachain\/"]}]},{"@type":"BreadcrumbList","@id":"https:\/\/www.notaryinstitute.ie\/ga\/scribhinni-rialachain\/#breadcrumb","itemListElement":[{"@type":"ListItem","position":1,"name":"Home","item":"https:\/\/www.notaryinstitute.ie\/ga\/baile\/"},{"@type":"ListItem","position":2,"name":"Scr\u00edbhinn\u00ed &amp; Rialach\u00e1in"}]},{"@type":"WebSite","@id":"https:\/\/www.notaryinstitute.ie\/#website","url":"https:\/\/www.notaryinstitute.ie\/","name":"Institute of Notarial Studies","description":"","publisher":{"@id":"https:\/\/www.notaryinstitute.ie\/#organization"},"potentialAction":[{"@type":"SearchAction","target":{"@type":"EntryPoint","urlTemplate":"https:\/\/www.notaryinstitute.ie\/?s={search_term_string}"},"query-input":{"@type":"PropertyValueSpecification","valueRequired":true,"valueName":"search_term_string"}}],"inLanguage":"ga-IE"},{"@type":"Organization","@id":"https:\/\/www.notaryinstitute.ie\/#organization","name":"Institute of Notarial Studies","url":"https:\/\/www.notaryinstitute.ie\/","logo":{"@type":"ImageObject","inLanguage":"ga-IE","@id":"https:\/\/www.notaryinstitute.ie\/#\/schema\/logo\/image\/","url":"https:\/\/www.notaryinstitute.ie\/wp-content\/uploads\/2021\/02\/logo-1.png","contentUrl":"https:\/\/www.notaryinstitute.ie\/wp-content\/uploads\/2021\/02\/logo-1.png","width":120,"height":120,"caption":"Institute of Notarial Studies"},"image":{"@id":"https:\/\/www.notaryinstitute.ie\/#\/schema\/logo\/image\/"}}]}},"_links":{"self":[{"href":"https:\/\/www.notaryinstitute.ie\/ga\/wp-json\/wp\/v2\/pages\/2147","targetHints":{"allow":["GET"]}}],"collection":[{"href":"https:\/\/www.notaryinstitute.ie\/ga\/wp-json\/wp\/v2\/pages"}],"about":[{"href":"https:\/\/www.notaryinstitute.ie\/ga\/wp-json\/wp\/v2\/types\/page"}],"author":[{"embeddable":true,"href":"https:\/\/www.notaryinstitute.ie\/ga\/wp-json\/wp\/v2\/users\/11"}],"replies":[{"embeddable":true,"href":"https:\/\/www.notaryinstitute.ie\/ga\/wp-json\/wp\/v2\/comments?post=2147"}],"version-history":[{"count":0,"href":"https:\/\/www.notaryinstitute.ie\/ga\/wp-json\/wp\/v2\/pages\/2147\/revisions"}],"wp:attachment":[{"href":"https:\/\/www.notaryinstitute.ie\/ga\/wp-json\/wp\/v2\/media?parent=2147"}],"curies":[{"name":"wp","href":"https:\/\/api.w.org\/{rel}","templated":true}]}}